{"id":13,"date":"2021-11-04T10:21:53","date_gmt":"2021-11-04T13:21:53","guid":{"rendered":"https:\/\/limpezaemanutencao.ser1.com.br\/?page_id=13"},"modified":"2023-08-29T01:01:49","modified_gmt":"2023-08-29T04:01:49","slug":"sobre","status":"publish","type":"page","link":"https:\/\/limpezaemanutencao.ser1.com.br\/?page_id=13","title":{"rendered":"Sobre"},"content":{"rendered":"\t\t<div data-elementor-type=\"wp-page\" data-elementor-id=\"13\" class=\"elementor elementor-13\">\n\t\t\t\t\t\t\t\t\t<section class=\"elementor-section elementor-top-section elementor-element elementor-element-5b828e3 elementor-section-boxed elementor-section-height-default elementor-section-height-default\" data-id=\"5b828e3\" data-element_type=\"section\" data-settings=\"{&quot;background_background&quot;:&quot;classic&quot;}\">\n\t\t\t\t\t\t\t<div class=\"elementor-background-overlay\"><\/div>\n\t\t\t\t\t\t\t<div class=\"elementor-container elementor-column-gap-no\">\n\t\t\t\t\t<div class=\"elementor-column elementor-col-100 elementor-top-column elementor-element elementor-element-73f9b90\" data-id=\"73f9b90\" data-element_type=\"column\">\n\t\t\t<div class=\"elementor-widget-wrap elementor-element-populated\">\n\t\t\t\t\t\t\t\t<div class=\"elementor-element elementor-element-6cb9832 elementor-widget elementor-widget-heading\" data-id=\"6cb9832\" data-element_type=\"widget\" data-widget_type=\"heading.default\">\n\t\t\t\t<div class=\"elementor-widget-container\">\n\t\t\t<style>\/*! elementor - v3.6.7 - 03-07-2022 *\/\n.elementor-heading-title{padding:0;margin:0;line-height:1}.elementor-widget-heading .elementor-heading-title[class*=elementor-size-]>a{color:inherit;font-size:inherit;line-height:inherit}.elementor-widget-heading .elementor-heading-title.elementor-size-small{font-size:15px}.elementor-widget-heading .elementor-heading-title.elementor-size-medium{font-size:19px}.elementor-widget-heading .elementor-heading-title.elementor-size-large{font-size:29px}.elementor-widget-heading .elementor-heading-title.elementor-size-xl{font-size:39px}.elementor-widget-heading .elementor-heading-title.elementor-size-xxl{font-size:59px}<\/style><h1 class=\"elementor-heading-title elementor-size-default\">Sobre N\u00f3s<\/h1>\t\t<\/div>\n\t\t\t\t<\/div>\n\t\t\t\t\t<\/div>\n\t\t<\/div>\n\t\t\t\t\t\t\t<\/div>\n\t\t<\/section>\n\t\t\t\t<section class=\"elementor-section elementor-top-section elementor-element elementor-element-9ca55ae elementor-section-boxed elementor-section-height-default elementor-section-height-default\" data-id=\"9ca55ae\" data-element_type=\"section\" data-settings=\"{&quot;background_background&quot;:&quot;classic&quot;}\">\n\t\t\t\t\t\t<div class=\"elementor-container elementor-column-gap-no\">\n\t\t\t\t\t<div class=\"elementor-column elementor-col-100 elementor-top-column elementor-element elementor-element-285d1fe\" data-id=\"285d1fe\" data-element_type=\"column\">\n\t\t\t<div class=\"elementor-widget-wrap elementor-element-populated\">\n\t\t\t\t\t\t\t\t<div class=\"elementor-element elementor-element-da4a5b5 elementor-widget elementor-widget-heading\" data-id=\"da4a5b5\" data-element_type=\"widget\" data-widget_type=\"heading.default\">\n\t\t\t\t<div class=\"elementor-widget-container\">\n\t\t\t<h2 class=\"elementor-heading-title elementor-size-default\">Nossa Hist\u00f3ria<\/h2>\t\t<\/div>\n\t\t\t\t<\/div>\n\t\t\t\t<div class=\"elementor-element elementor-element-f416aa5 elementor-widget elementor-widget-text-editor\" data-id=\"f416aa5\" data-element_type=\"widget\" data-widget_type=\"text-editor.default\">\n\t\t\t\t<div class=\"elementor-widget-container\">\n\t\t\t<style>\/*! elementor - v3.6.7 - 03-07-2022 *\/\n.elementor-widget-text-editor.elementor-drop-cap-view-stacked .elementor-drop-cap{background-color:#818a91;color:#fff}.elementor-widget-text-editor.elementor-drop-cap-view-framed .elementor-drop-cap{color:#818a91;border:3px solid;background-color:transparent}.elementor-widget-text-editor:not(.elementor-drop-cap-view-default) .elementor-drop-cap{margin-top:8px}.elementor-widget-text-editor:not(.elementor-drop-cap-view-default) .elementor-drop-cap-letter{width:1em;height:1em}.elementor-widget-text-editor .elementor-drop-cap{float:left;text-align:center;line-height:1;font-size:50px}.elementor-widget-text-editor .elementor-drop-cap-letter{display:inline-block}<\/style>\t\t\t\t<p>Fundada em 1995, a SER \u00e9 uma das empresas pioneiras em energia renov\u00e1vel no mercado brasileiro. Destacam-se v\u00e1rios projetos que beneficiaram social, ambiental e economicamente, os setores privado e p\u00fablico. Dentre eles: CEMIG, COPASA-MG, FUNASA, FUNAI e Minist\u00e9rio de Minas e Energia.<\/p><p>A implementa\u00e7\u00e3o do projeto Caraiva Solar em Porto Seguro &#8211; BA, beneficiou grande parte da comunidade e se consagrou como o primeiro empreendimento solar fotovoltaico privado do pa\u00eds em 1996. Paralelamente a empresa atuou em \u00f3rg\u00e3os p\u00fablicos, enfatizando a instala\u00e7\u00e3o de mais de 180 sistemas de abastecimento de \u00e1gua com energia solar fotovoltaica para COPASA-MG e a eletrifica\u00e7\u00e3o de 142 escolas para o Minist\u00e9rio de Minas e Energia.<\/p><p>Ap\u00f3s as regulamenta\u00e7\u00f5es da ANEEL em 2012, a empresa se posicionou no novo mercado On-Grid, sendo respons\u00e1vel pelas primeiras instala\u00e7\u00f5es de m\u00e9dio porte em Minas Gerais em 2015. Ao longo destes anos, adquiriu grande experi\u00eancia no desenvolvimento e execu\u00e7\u00e3o de diversos projetos de energia solar fotovoltaica, possuindo um extenso portf\u00f3lio de empreendimentos de sucesso.<\/p>\t\t\t\t\t\t<\/div>\n\t\t\t\t<\/div>\n\t\t\t\t\t<\/div>\n\t\t<\/div>\n\t\t\t\t\t\t\t<\/div>\n\t\t<\/section>\n\t\t\t\t\t\t\t<\/div>\n\t\t","protected":false},"excerpt":{"rendered":"<p>Sobre N\u00f3s Nossa Hist\u00f3ria Fundada em 1995, a SER \u00e9 uma das empresas pioneiras em energia renov\u00e1vel no mercado brasileiro. Destacam-se v\u00e1rios projetos que beneficiaram social, ambiental e economicamente, os setores privado e p\u00fablico. Dentre eles: CEMIG, COPASA-MG, FUNASA, FUNAI e Minist\u00e9rio de Minas e Energia. A implementa\u00e7\u00e3o do projeto Caraiva Solar em Porto Seguro &hellip;<\/p>\n<p class=\"read-more\"> <a class=\"\" href=\"https:\/\/limpezaemanutencao.ser1.com.br\/?page_id=13\"> <span class=\"screen-reader-text\">Sobre<\/span> Leia mais &raquo;<\/a><\/p>\n","protected":false},"author":1,"featured_media":0,"parent":0,"menu_order":0,"comment_status":"closed","ping_status":"closed","template":"","meta":{"site-sidebar-layout":"no-sidebar","site-content-layout":"page-builder","ast-site-content-layout":"","site-content-style":"default","site-sidebar-style":"default","ast-global-header-display":"","ast-banner-title-visibility":"","ast-main-header-display":"","ast-hfb-above-header-display":"","ast-hfb-below-header-display":"","ast-hfb-mobile-header-display":"","site-post-title":"disabled","ast-breadcrumbs-content":"disabled","ast-featured-img":"disabled","footer-sml-layout":"","theme-transparent-header-meta":"enabled","adv-header-id-meta":"","stick-header-meta":"","header-above-stick-meta":"","header-main-stick-meta":"","header-below-stick-meta":"","astra-migrate-meta-layouts":"","_joinchat":[],"footnotes":""},"_links":{"self":[{"href":"https:\/\/limpezaemanutencao.ser1.com.br\/index.php?rest_route=\/wp\/v2\/pages\/13"}],"collection":[{"href":"https:\/\/limpezaemanutencao.ser1.com.br\/index.php?rest_route=\/wp\/v2\/pages"}],"about":[{"href":"https:\/\/limpezaemanutencao.ser1.com.br\/index.php?rest_route=\/wp\/v2\/types\/page"}],"author":[{"embeddable":true,"href":"https:\/\/limpezaemanutencao.ser1.com.br\/index.php?rest_route=\/wp\/v2\/users\/1"}],"replies":[{"embeddable":true,"href":"https:\/\/limpezaemanutencao.ser1.com.br\/index.php?rest_route=%2Fwp%2Fv2%2Fcomments&post=13"}],"version-history":[{"count":8,"href":"https:\/\/limpezaemanutencao.ser1.com.br\/index.php?rest_route=\/wp\/v2\/pages\/13\/revisions"}],"predecessor-version":[{"id":726,"href":"https:\/\/limpezaemanutencao.ser1.com.br\/index.php?rest_route=\/wp\/v2\/pages\/13\/revisions\/726"}],"wp:attachment":[{"href":"https:\/\/limpezaemanutencao.ser1.com.br\/index.php?rest_route=%2Fwp%2Fv2%2Fmedia&parent=13"}],"curies":[{"name":"wp","href":"https:\/\/api.w.org\/{rel}","templated":true}]}}